{"id":2253,"date":"2020-02-29T18:27:06","date_gmt":"2020-02-29T18:27:06","guid":{"rendered":"https:\/\/ikenamimusic.com\/index.php\/politica-de-cookies\/"},"modified":"2020-02-29T18:27:06","modified_gmt":"2020-02-29T18:27:06","slug":"politica-de-cookies","status":"publish","type":"page","link":"https:\/\/ikenamimusic.com\/index.php\/politica-de-cookies\/","title":{"rendered":"Pol\u00edtica de Cookies"},"content":{"rendered":"\n<p>\n\tEn cumplimiento con lo dispuesto en el art\u00edculo 22.2 de la Ley 34\/2002, de 11 de julio, de Servicios de la Sociedad de la Informaci\u00f3n y de Comercio Electr\u00f3nico, el Titular te informa que este sitio Web utiliza cookies, as\u00ed como sobre su pol\u00edtica de recogida y el tratamiento que hace de las mismas.\n<\/p>\n\n\n<h2>Qu\u00e9 son las cookies<\/h2>\n\n<p>\n\t\tUna cookie es un fichero que se descarga en tu ordenador al entrar a determinadas p\u00e1ginas web. Las cookies permiten a una p\u00e1gina web, entre otras cosas, almacenar y recuperar informaci\u00f3n sobre tus h\u00e1bitos de navegaci\u00f3n y &mdash;dependiendo de la informaci\u00f3n que contengan y de la forma en que utilices tu equipo&mdash; pueden utilizarse para identificarte.\n<\/p>\n\n\n<h2>Tipos de cookies utilizadas<\/h2>\n\n<p>\n\tEl sitio Web <a href=\"https:\/\/ikenamimusic.com\">https:\/\/www.ikenamimusic.com<\/a> utiliza los siguientes tipos de cookies:\n<\/p>\n\n<p>\n\t<ul>\n\t\t<li>\n\t\t\t<b>Cookies de an\u00e1lisis:<\/b> Son aquellas que, bien tratadas por el sitio Web o por terceros, permiten cuantificar el n\u00famero de usuarios y as\u00ed realizar la medici\u00f3n y an\u00e1lisis estad\u00edstico de la utilizaci\u00f3n que hacen los usuarios del sitio Web. Para ello se analiza la navegaci\u00f3n que realizas en este sitio Web con el fin de mejorarlo.<!--, as\u00ed como los Productos o Servicios que pueda ofrecer el Titular.-->\n\t\t<\/li>\n\t\t<li>\n\t\t\t<b>Cookies t\u00e9cnicas:<\/b> Son aquellas tratadas por el sitio Web que permiten a los usuarios registrados navegar a trav\u00e9s del \u00e1rea restringida y a utilizar sus diferentes funciones, como por ejemplo, llevar a cabo el proceso de compra de un Producto o Servicio.\n\t\t\t<br>\n\t\t\tAlgunas cookies son esenciales para el funcionamiento del sitio Web, por ejemplo, el sistema de comentarios o el buscador.\n\t\t<\/li>\n\t\t<li>\n\t\t\t<b>Cookies de personalizaci\u00f3n:<\/b> Son aquellas que permiten a los usuarios acceder al Servicio con algunas caracter\u00edsticas de car\u00e1cter general predefinidas en funci\u00f3n de una serie de criterios establecidos por el usuario como, por ejemplo, el idioma o el tipo de navegador a trav\u00e9s del cual se conecta a este sitio Web.\n\t\t<\/li>\n\t\t<li>\n\t\t\t<b>Cookies publicitarias:<\/b> Son aquellas que, bien tratadas por el sitio Web o por terceros, permiten gestionar de la forma m\u00e1s eficaz posible la oferta de los espacios publicitarios existentes en este sitio Web, adecuando el contenido de los anuncios al contenido del servicio solicitado o al uso que realice de este sitio Web. \n\t\t\t<br>El Titular o terceros pueden analizar tus h\u00e1bitos de navegaci\u00f3n en Internet y mostrarte publicidad relacionada con tu perfil de navegaci\u00f3n.\n\t\t<\/li>\n\t\t<li>\n\t\t\t<b>Cookies de publicidad comportamental:<\/b> Este tipo de cookies almacenan informaci\u00f3n del comportamiento del usuario &mdash;obtenida a trav\u00e9s de la observaci\u00f3n continuada de sus h\u00e1bitos de navegaci\u00f3n&mdash; que permite desarrollar un perfil espec\u00edfico para mostrarle anuncios publicitarios en funci\u00f3n del mismo.\n\t\t<\/li>\n\t<\/ul>\n<\/p>\n\n<h2>Desactivar las cookies<\/h2>\n\n\t<p>\n\t\tPuedes aceptar, bloquear o eliminar las cookies instaladas en tu equipo mediante la configuraci\u00f3n de las opciones del navegador.\n\t<\/p>\n\t<p>\t\n\t\tEn los siguientes enlaces encontrar\u00e1s instrucciones para habilitar o deshabilitar las cookies en los navegadores m\u00e1s comunes.\n\t<\/p>\n\n<p>\n\t<ul>\n\t\t<li><b>Firefox<\/b>  <a rel=\"nofollow\" href=\"http:\/\/support.mozilla.org\/es\/kb\/habilitar-y-deshabilitar-cookies-que-los-sitios-we\">http:\/\/support.mozilla.org\/es\/kb\/habilitar-y-deshabilitar-cookies-que-los-sitios-we<\/a><\/li>\n\t\t<li><b>Safari<\/b> <a rel=\"nofollow\" href=\"http:\/\/support.apple.com\/kb\/HT1677?viewlocale=es_ES\">http:\/\/support.apple.com\/kb\/HT1677?viewlocale=es_ES<\/a><\/li>\n\t\t<li><b>Google Chrome<\/b> <a rel=\"nofollow\" href=\"https:\/\/support.google.com\/chrome\/answer\/95647?hl=es\">https:\/\/support.google.com\/chrome\/answer\/95647?hl=es<\/a><\/li>\n\t<\/ul>\n<\/p>\n\n<h2>Cookies de terceros<\/h2>\n\n<p>\n\tEl sitio Web utiliza los servicios de &laquo;Google Analytics&raquo; que pueden instalar cookies que sirven para obtener estad\u00edsticas y datos publicitarios.\n<\/p>\n\n\n\t<p>\n\t\t\tEste sitio Web utiliza servicios de &laquo;Google Adsense&raquo; que pueden instalar cookies para recopilar informaci\u00f3n con fines estad\u00edsticos y de uso del sitio Web. Las cookies instaladas permiten mejorar la publicidad que encuentras en el sitio Web mostr\u00e1ndote publicidad seg\u00fan el contenido que te es relevante, mejorando as\u00ed tu percepci\u00f3n de la calidad del sitio Web.\n\t<\/p>\t\n\t<p>\n\t\tPara dejar de recibir publicidad personalizada de Google puedes inhabilitar la personalizaci\u00f3n de anuncios mediante la <a rel=\"nofollow\" href=\"https:\/\/www.google.es\/settings\/ads\">configuraci\u00f3n de anuncios de Google<\/a>.\n\t<\/p>\n\n\n<p>\n\tEl sitio Web incluye otras funcionalidades proporcionadas por las redes sociales y que pueden instalar cookies. Puedes compartir el contenido en tus redes sociales como Facebook, Twitter, Google +, Instagram o YouTube con los botones incluidos a tal efecto o con las herramientas para compartir propias de las redes sociales.\n<\/p>\n\n\n<p>\n\t\tXoel Y\u00e1\u00f1ez Fern\u00e1ndez participa en el <a href=\"https:\/\/afiliados.amazon.es\/\" rel=\"nofollow\" target=\"_blank\">Programa de Afiliados de Amazon EU<\/a>. Amazon y otros anunciantes pueden instalar cookies en tu equipo que sirven para obtener informaci\u00f3n, ofrecerte anuncios, <a href=\"https:\/\/www.amazon.es\/gp\/help\/customer\/display.html\/?nodeId=201909150\" target=\"_blank\" rel=\"nofollow\">mostrar contenido basado en tus intereses<\/a> o para hacer un seguimiento de tu navegaci\u00f3n, guardando la informaci\u00f3n de afiliado por si realizas una compra en las siguientes 24 horas.\n<\/p>\n\n<h2>Advertencia sobre eliminar cookies<\/h2>\n<p>\n\tPuedes eliminar y bloquear las cookies de este sitio Web, pero parte del sitio no funcionar\u00e1 correctamente o su calidad puede verse afectada.\n<\/p>\n\n\n<h2>Contacto<\/h2>\n<p>\n\t\tEn caso de que tengas cualquier duda acerca de esta Pol\u00edtica de Cookies o quieras realizar cualquier comentario sobre este sitio Web, puedes enviar un mensaje de correo electr\u00f3nico a la direcci\u00f3n ikenamimusic@gmail.com. \n<\/p>\n\n\n\n","protected":false},"excerpt":{"rendered":"<p>En cumplimiento con lo dispuesto en el art\u00edculo 22.2 de la Ley 34\/2002, de 11 de julio, de Servicios de la Sociedad de la Informaci\u00f3n y de Comercio Electr\u00f3nico, el Titular te informa que este sitio Web utiliza cookies, as\u00ed como sobre su pol\u00edtica de recogida y el tratamiento que hace de las mismas. Qu\u00e9 [&hellip;]<\/p>\n","protected":false},"author":1,"featured_media":0,"parent":0,"menu_order":0,"comment_status":"closed","ping_status":"closed","template":"","meta":{"spay_email":"","footnotes":""},"_links":{"self":[{"href":"https:\/\/ikenamimusic.com\/index.php\/wp-json\/wp\/v2\/pages\/2253"}],"collection":[{"href":"https:\/\/ikenamimusic.com\/index.php\/wp-json\/wp\/v2\/pages"}],"about":[{"href":"https:\/\/ikenamimusic.com\/index.php\/wp-json\/wp\/v2\/types\/page"}],"author":[{"embeddable":true,"href":"https:\/\/ikenamimusic.com\/index.php\/wp-json\/wp\/v2\/users\/1"}],"replies":[{"embeddable":true,"href":"https:\/\/ikenamimusic.com\/index.php\/wp-json\/wp\/v2\/comments?post=2253"}],"version-history":[{"count":0,"href":"https:\/\/ikenamimusic.com\/index.php\/wp-json\/wp\/v2\/pages\/2253\/revisions"}],"wp:attachment":[{"href":"https:\/\/ikenamimusic.com\/index.php\/wp-json\/wp\/v2\/media?parent=2253"}],"curies":[{"name":"wp","href":"https:\/\/api.w.org\/{rel}","templated":true}]}}